{"id":61,"date":"2021-10-22T04:28:22","date_gmt":"2021-10-22T04:28:22","guid":{"rendered":"https:\/\/599.ablak.arnes.si\/wp-trgovina\/?post_type=product&#038;p=61"},"modified":"2021-10-22T04:36:31","modified_gmt":"2021-10-22T04:36:31","slug":"4-s-komplet-voscilnic","status":"publish","type":"product","link":"https:\/\/599.ablak.arnes.si\/wp-trgovina\/index.php\/product\/4-s-komplet-voscilnic\/","title":{"rendered":"4.\u0160 (komplet vo\u0161\u010dilnic)"},"content":{"rendered":"","protected":false},"excerpt":{"rendered":"<p>Komplet petih vo\u0161\u010dilnic.<\/p>\n<p>Kompletu niso prilo\u017eene kuvetre!<\/p>\n","protected":false},"featured_media":62,"template":"","meta":[],"product_cat":[15,24],"product_tag":[],"class_list":["post-61","product","type-product","status-publish","has-post-thumbnail","hentry","product_cat-vsiizdelki","product_cat-izdelki-pos-smartno",""],"_links":{"self":[{"href":"https:\/\/599.ablak.arnes.si\/wp-trgovina\/index.php\/wp-json\/wp\/v2\/product\/61","targetHints":{"allow":["GET"]}}],"collection":[{"href":"https:\/\/599.ablak.arnes.si\/wp-trgovina\/index.php\/wp-json\/wp\/v2\/product"}],"about":[{"href":"https:\/\/599.ablak.arnes.si\/wp-trgovina\/index.php\/wp-json\/wp\/v2\/types\/product"}],"wp:featuredmedia":[{"embeddable":true,"href":"https:\/\/599.ablak.arnes.si\/wp-trgovina\/index.php\/wp-json\/wp\/v2\/media\/62"}],"wp:attachment":[{"href":"https:\/\/599.ablak.arnes.si\/wp-trgovina\/index.php\/wp-json\/wp\/v2\/media?parent=61"}],"wp:term":[{"taxonomy":"product_cat","embeddable":true,"href":"https:\/\/599.ablak.arnes.si\/wp-trgovina\/index.php\/wp-json\/wp\/v2\/product_cat?post=61"},{"taxonomy":"product_tag","embeddable":true,"href":"https:\/\/599.ablak.arnes.si\/wp-trgovina\/index.php\/wp-json\/wp\/v2\/product_tag?post=61"}],"curies":[{"name":"wp","href":"https:\/\/api.w.org\/{rel}","templated":true}]}}