{"id":2,"date":"2015-08-06T04:10:03","date_gmt":"2015-08-06T04:10:03","guid":{"rendered":"https:\/\/599.ablak.arnes.si\/wp-mailer-splosno\/?page_id=2"},"modified":"2018-09-23T21:53:05","modified_gmt":"2018-09-23T19:53:05","slug":"splosno-sporocilo","status":"publish","type":"page","link":"https:\/\/599.ablak.arnes.si\/wp-mailer-splosno\/?page_id=2","title":{"rendered":"Splo\u0161no sporo\u010dilo"},"content":{"rendered":"<p><a href=\"https:\/\/599.ablak.arnes.si\/wp-mailer-splosno\/wp-content\/uploads\/2015\/08\/sporocilo.png\"><img loading=\"lazy\" decoding=\"async\" class=\"alignnone wp-image-7 size-full\" src=\"https:\/\/599.ablak.arnes.si\/wp-mailer-splosno\/wp-content\/uploads\/2015\/08\/sporocilo.png\" alt=\"sporocilo\" width=\"524\" height=\"135\" srcset=\"https:\/\/599.ablak.arnes.si\/wp-mailer-splosno\/wp-content\/uploads\/2015\/08\/sporocilo.png 524w, https:\/\/599.ablak.arnes.si\/wp-mailer-splosno\/wp-content\/uploads\/2015\/08\/sporocilo-300x77.png 300w\" sizes=\"auto, (max-width: 524px) 100vw, 524px\" \/><\/a><\/p>\n\n<div class=\"wpcf7 no-js\" id=\"wpcf7-f4-o1\" lang=\"sl-SI\" dir=\"ltr\" data-wpcf7-id=\"4\">\n<div class=\"screen-reader-response\"><p role=\"status\" aria-live=\"polite\" aria-atomic=\"true\"><\/p> <ul><\/ul><\/div>\n<form action=\"\/wp-mailer-splosno\/index.php?rest_route=%2Fwp%2Fv2%2Fpages%2F2#wpcf7-f4-o1\" method=\"post\" class=\"wpcf7-form init\" aria-label=\"Kontaktni obrazec\" enctype=\"multipart\/form-data\" novalidate=\"novalidate\" data-status=\"init\">\n<fieldset class=\"hidden-fields-container\"><input type=\"hidden\" name=\"_wpcf7\" value=\"4\" \/><input type=\"hidden\" name=\"_wpcf7_version\" value=\"6.1.5\" \/><input type=\"hidden\" name=\"_wpcf7_locale\" value=\"sl_SI\" \/><input type=\"hidden\" name=\"_wpcf7_unit_tag\" value=\"wpcf7-f4-o1\" \/><input type=\"hidden\" name=\"_wpcf7_container_post\" value=\"0\" \/><input type=\"hidden\" name=\"_wpcf7_posted_data_hash\" value=\"\" \/>\n<\/fieldset>\n<p>Podatki, ki jih boste v ta obrazec vpisali, se bodo uporabili za avtomati\u010dno generiranje e-sporo\u010dila na e-naslov:\n<\/p>\n<p>o-vojnik.ce(at)guest.arnes.si.\n<\/p>\n<p>Vpisanih podatkov ne hranimo! \u010ce s tem na\u010dinom obdelave va\u0161ih osebnih podatkov ne strinjate, nam sporo\u010dilo posredujte na kak drug na\u010din. Lahko nam na navedeni e-naslov sporo\u010dilo po\u0161ljite iz svojega programa za e-po\u0161to.\n<\/p>\n<p>Strinjam se! <span class=\"wpcf7-form-control-wrap\" data-name=\"acceptance-971\"><span class=\"wpcf7-form-control wpcf7-acceptance\"><span class=\"wpcf7-list-item\"><input type=\"checkbox\" name=\"acceptance-971\" value=\"1\" aria-invalid=\"false\" \/><\/span><\/span><\/span>\n<\/p>\n<p><b>Naslov: <\/b><span class=\"wpcf7-form-control-wrap\" data-name=\"your-subject\"><input size=\"40\" maxlength=\"400\" class=\"wpcf7-form-control wpcf7-text\" aria-invalid=\"false\" value=\"Vnesite naslov!\" type=\"text\" name=\"your-subject\" \/><\/span>\n<\/p>\n<p><b>Va\u0161e ime in priimek<\/b> (obvezno): <span class=\"wpcf7-form-control-wrap\" data-name=\"your-name\"><input size=\"40\" maxlength=\"400\" class=\"wpcf7-form-control wpcf7-text wpcf7-validates-as-required\" aria-required=\"true\" aria-invalid=\"false\" value=\"\" type=\"text\" name=\"your-name\" \/><\/span>\n<\/p>\n<p><b>Va\u0161a e-po\u0161ta<\/b> (obvezno): <span class=\"wpcf7-form-control-wrap\" data-name=\"your-email\"><input size=\"40\" maxlength=\"400\" class=\"wpcf7-form-control wpcf7-email wpcf7-validates-as-required wpcf7-text wpcf7-validates-as-email\" aria-required=\"true\" aria-invalid=\"false\" value=\"\" type=\"email\" name=\"your-email\" \/><\/span>\n<\/p>\n<p><b>Ime in priimek u\u010denca:<\/b><span class=\"wpcf7-form-control-wrap\" data-name=\"text-906\"><input size=\"40\" maxlength=\"400\" class=\"wpcf7-form-control wpcf7-text\" aria-invalid=\"false\" value=\"Vpi\u0161ite, \u010de menite, da je potrebno.\" type=\"text\" name=\"text-906\" \/><\/span>\n<\/p>\n<p><b>Razred u\u010denca:<\/b><span class=\"wpcf7-form-control-wrap\" data-name=\"text-910\"><input size=\"40\" maxlength=\"400\" class=\"wpcf7-form-control wpcf7-text\" aria-invalid=\"false\" value=\"Vpi\u0161ite, \u010de menite, da je potrebno.\" type=\"text\" name=\"text-910\" \/><\/span>\n<\/p>\n<p><b>Va\u0161e sporo\u010dilo<\/b>\n<\/p>\n<p><span class=\"wpcf7-form-control-wrap\" data-name=\"your-message\"><textarea cols=\"40\" rows=\"10\" maxlength=\"2000\" class=\"wpcf7-form-control wpcf7-textarea\" aria-invalid=\"false\" name=\"your-message\"><\/textarea><\/span>\n<\/p>\n<p>\u010ce \u017eelite, da va\u0161e sporo\u010dilo prejme to\u010dno dolo\u010deni delavec \u0161ole, njegovo ime zapi\u0161ite v spodnje okno.<br \/>\nZ veseljem mu ga bomo posredovali.\n<\/p>\n<p><b>Sporo\u010dilo naj prejme:<\/b><span class=\"wpcf7-form-control-wrap\" data-name=\"text-740\"><input size=\"40\" maxlength=\"400\" class=\"wpcf7-form-control wpcf7-text\" aria-invalid=\"false\" value=\"\" type=\"text\" name=\"text-740\" \/><\/span>\n<\/p>\n<p><b>Prilo\u017eite lahko datoteko.<\/b><br \/>\n(Dovoljene so skoraj vse tekstovne in slikovne datoteke ter MP3 datoteke, ki so manj\u0161e od 6 Mb. \u010ce bi radi poslali ve\u010d datotek, jih prestavite v ZIP arhiv. Tudi velikost tega ne sme presegati 6 Mb)\n<\/p>\n<p><span class=\"wpcf7-form-control-wrap\" data-name=\"Priloga\"><input size=\"40\" class=\"wpcf7-form-control wpcf7-file\" accept=\".jpg,.pdf,.png,.bmp,.xls,.xlsx,.odt,.ppt,.pptx,.ods,.odp,.tga,.mp3,.doc,.docx,.txt,.zip,.7z,.tar\" aria-invalid=\"false\" type=\"file\" name=\"Priloga\" \/><\/span>\n<\/p>\n<p><b>Prepi\u0161ite spodnje znake.<\/b> (Vnesete lahko tudi le male znake.)\n<\/p>\n<p><input type=\"hidden\" name=\"_wpcf7_captcha_challenge_captcha-118\" value=\"854773594\" \/><img loading=\"lazy\" decoding=\"async\" class=\"wpcf7-form-control wpcf7-captchac wpcf7-captcha-captcha-118\" width=\"84\" height=\"28\" alt=\"captcha\" src=\"https:\/\/599.ablak.arnes.si\/wp-mailer-splosno\/wp-content\/uploads\/wpcf7_captcha\/854773594.png\" \/><br \/>\n<span class=\"wpcf7-form-control-wrap\" data-name=\"captcha-118\"><input size=\"4\" maxlength=\"4\" class=\"wpcf7-form-control wpcf7-captchar\" autocomplete=\"off\" aria-invalid=\"false\" value=\"\" type=\"text\" name=\"captcha-118\" \/><\/span>\n<\/p>\n<p><input class=\"wpcf7-form-control wpcf7-submit has-spinner\" type=\"submit\" value=\"Po\u0161lji sporo\u010dilo\" \/>\n<\/p>\n<p>V primeru, da se sporo\u010dilo ne odpo\u0161lje, preverite vpra\u0161anje \"Strinjam se\" na za\u010detku obrazca in vnesite vse podatke v polja (obvezno)!\n<\/p><p style=\"display: none !important;\" class=\"akismet-fields-container\" data-prefix=\"_wpcf7_ak_\"><label>&#916;<textarea name=\"_wpcf7_ak_hp_textarea\" cols=\"45\" rows=\"8\" maxlength=\"100\"><\/textarea><\/label><input type=\"hidden\" id=\"ak_js_1\" name=\"_wpcf7_ak_js\" value=\"69\"\/><script>document.getElementById( \"ak_js_1\" ).setAttribute( \"value\", ( new Date() ).getTime() );<\/script><\/p><div class=\"wpcf7-response-output\" aria-hidden=\"true\"><\/div>\n<\/form>\n<\/div>\n\n","protected":false},"excerpt":{"rendered":"","protected":false},"author":1,"featured_media":0,"parent":0,"menu_order":0,"comment_status":"closed","ping_status":"closed","template":"","meta":{"footnotes":""},"class_list":["post-2","page","type-page","status-publish","hentry"],"_links":{"self":[{"href":"https:\/\/599.ablak.arnes.si\/wp-mailer-splosno\/index.php?rest_route=\/wp\/v2\/pages\/2","targetHints":{"allow":["GET"]}}],"collection":[{"href":"https:\/\/599.ablak.arnes.si\/wp-mailer-splosno\/index.php?rest_route=\/wp\/v2\/pages"}],"about":[{"href":"https:\/\/599.ablak.arnes.si\/wp-mailer-splosno\/index.php?rest_route=\/wp\/v2\/types\/page"}],"author":[{"embeddable":true,"href":"https:\/\/599.ablak.arnes.si\/wp-mailer-splosno\/index.php?rest_route=\/wp\/v2\/users\/1"}],"replies":[{"embeddable":true,"href":"https:\/\/599.ablak.arnes.si\/wp-mailer-splosno\/index.php?rest_route=%2Fwp%2Fv2%2Fcomments&post=2"}],"version-history":[{"count":6,"href":"https:\/\/599.ablak.arnes.si\/wp-mailer-splosno\/index.php?rest_route=\/wp\/v2\/pages\/2\/revisions"}],"predecessor-version":[{"id":77,"href":"https:\/\/599.ablak.arnes.si\/wp-mailer-splosno\/index.php?rest_route=\/wp\/v2\/pages\/2\/revisions\/77"}],"wp:attachment":[{"href":"https:\/\/599.ablak.arnes.si\/wp-mailer-splosno\/index.php?rest_route=%2Fwp%2Fv2%2Fmedia&parent=2"}],"curies":[{"name":"wp","href":"https:\/\/api.w.org\/{rel}","templated":true}]}}